{"id":368,"date":"2017-01-09T15:52:00","date_gmt":"2017-01-09T15:52:00","guid":{"rendered":"http:\/\/www.plantesetsavoirs.org\/?page_id=368"},"modified":"2017-01-09T15:52:00","modified_gmt":"2017-01-09T15:52:00","slug":"les-10-ans-de-plante-planete","status":"publish","type":"page","link":"https:\/\/www.plantesetsavoirs.org\/?page_id=368","title":{"rendered":"Les 10 ans de Plante &#038; Plan\u00e8te"},"content":{"rendered":"<p>Pour c\u00e9l\u00e9brer les 10 ans d\u2019action de Plante et Plan\u00e8te, nous organisons une journ\u00e9e d\u2019ateliers pour enfants. Nous proposerons des jeux, tout en agr\u00e9mentant d\u2019ateliers que nous menons depuis plusieurs ann\u00e9es. Nous proposerons aux centres de loisirs voisins, aux familles de participer \u00e0 cette journ\u00e9e.<\/p>\n<p>&nbsp;<\/p>\n<p>Rendez-vous le mercredi 19 avril \u00e0 la P\u00e9niche du Petit Bain, au 7 quai de la gare, 75013 Paris.<\/p>\n<p>En partenariat avec <a href=\"http:\/\/www.bioviva.com\" target=\"_blank\">Bioviva<\/a>, les jeux naturellement dr\u00f4les et dr\u00f4lement naturels ! <a href=\"http:\/\/www.plantesetsavoirs.org\/wp-content\/uploads\/2017\/01\/logoBioviva.png\"><img loading=\"lazy\" decoding=\"async\" class=\"alignnone size-full wp-image-370\" src=\"http:\/\/www.plantesetsavoirs.org\/wp-content\/uploads\/2017\/01\/logoBioviva.png\" alt=\"logobioviva\" width=\"113\" height=\"70\" \/><\/a><\/p>\n","protected":false},"excerpt":{"rendered":"<p>Pour c\u00e9l\u00e9brer les 10 ans d\u2019action de Plante et Plan\u00e8te, nous organisons une journ\u00e9e d\u2019ateliers pour enfants. Nous proposerons des jeux, tout en agr\u00e9mentant d\u2019ateliers que nous menons depuis plusieurs ann\u00e9es. Nous proposerons aux centres de loisirs voisins, aux familles de participer \u00e0 cette journ\u00e9e. &nbsp; Rendez-vous le mercredi 19 avril \u00e0 la P\u00e9niche du &hellip; <a href=\"https:\/\/www.plantesetsavoirs.org\/?page_id=368\" class=\"more-link\">Continue reading <span class=\"screen-reader-text\">Les 10 ans de Plante &#038; Plan\u00e8te<\/span><\/a><\/p>\n","protected":false},"author":1,"featured_media":0,"parent":0,"menu_order":0,"comment_status":"closed","ping_status":"open","template":"","meta":{"footnotes":""},"class_list":["post-368","page","type-page","status-publish","hentry"],"_links":{"self":[{"href":"https:\/\/www.plantesetsavoirs.org\/index.php?rest_route=\/wp\/v2\/pages\/368","targetHints":{"allow":["GET"]}}],"collection":[{"href":"https:\/\/www.plantesetsavoirs.org\/index.php?rest_route=\/wp\/v2\/pages"}],"about":[{"href":"https:\/\/www.plantesetsavoirs.org\/index.php?rest_route=\/wp\/v2\/types\/page"}],"author":[{"embeddable":true,"href":"https:\/\/www.plantesetsavoirs.org\/index.php?rest_route=\/wp\/v2\/users\/1"}],"replies":[{"embeddable":true,"href":"https:\/\/www.plantesetsavoirs.org\/index.php?rest_route=%2Fwp%2Fv2%2Fcomments&post=368"}],"version-history":[{"count":3,"href":"https:\/\/www.plantesetsavoirs.org\/index.php?rest_route=\/wp\/v2\/pages\/368\/revisions"}],"predecessor-version":[{"id":372,"href":"https:\/\/www.plantesetsavoirs.org\/index.php?rest_route=\/wp\/v2\/pages\/368\/revisions\/372"}],"wp:attachment":[{"href":"https:\/\/www.plantesetsavoirs.org\/index.php?rest_route=%2Fwp%2Fv2%2Fmedia&parent=368"}],"curies":[{"name":"wp","href":"https:\/\/api.w.org\/{rel}","templated":true}]}}