{"id":343,"date":"2016-12-26T11:10:19","date_gmt":"2016-12-26T11:10:19","guid":{"rendered":"http:\/\/www.plantesetsavoirs.org\/?page_id=343"},"modified":"2017-04-19T06:43:35","modified_gmt":"2017-04-19T06:43:35","slug":"sinscrire","status":"publish","type":"page","link":"https:\/\/www.plantesetsavoirs.org\/?page_id=343","title":{"rendered":"S&rsquo;inscrire"},"content":{"rendered":"<p>Pour s&rsquo;inscrire au colloque, <a href=\"https:\/\/www.helloasso.com\/associations\/plante-et-planete\/evenements\/plantes-et-savoirs-dialogue-des-5-continents-2017\" target=\"_blank\">suivez ce lien<\/a> pour payer en ligne.<\/p>\n<p>Si vous pr\u00e9f\u00e9rez r\u00e9gler par ch\u00e8que, merci d\u2019envoyer le ch\u00e8que \u00e0 l\u2019ordre de \u00ab\u00a0Plante et Plan\u00e8te\u00a0\u00bb \u00e0 l\u2019adresse de contact. Une attestation de pr\u00e9sence pourra vous \u00eatre remise sur place sur demande.<\/p>\n<p><strong>Nous contacter :<br \/>\n<\/strong><\/p>\n<p>bonjour (@)planteetplanete.org<br \/>\nTel\u00a0: 09.54.72.08.84<\/p>\n<p><strong><u>Participation aux frais\u00a0:<\/u><\/strong><\/p>\n<p>Tarif \u00e9tudiant : 20\u20ac<br \/>\nTarif adh\u00e9rent Plante &amp; Plan\u00e8te, EPI, l&rsquo;\u00eatre v\u00e9g\u00e9tal, S\u00e8ve &amp; Papillon : 30\u20ac<br \/>\nParticulier : 45\u20ac<br \/>\nProfessionnel : 80\u20ac<\/p>\n<p>Le dernier num\u00e9ro de Plantes &amp; Sant\u00e9 vous sera offert pour toute inscription !<\/p>\n<p>Ce tarif comprend : la location de la salle, la participation aux frais des intervenants, les frais de communication et d&rsquo;organisation, les pauses caf\u00e9, le verre de l&rsquo;amiti\u00e9.<\/p>\n<p>Le d\u00e9jeuner n&rsquo;est pas compris, vous aurez la possibilit\u00e9 de trouver de nombreuses options \u00e0 proximit\u00e9 : restauration rapide, restaurants exotiques, boulangeries&#8230;<\/p>\n","protected":false},"excerpt":{"rendered":"<p>Pour s&rsquo;inscrire au colloque, suivez ce lien pour payer en ligne. Si vous pr\u00e9f\u00e9rez r\u00e9gler par ch\u00e8que, merci d\u2019envoyer le ch\u00e8que \u00e0 l\u2019ordre de \u00ab\u00a0Plante et Plan\u00e8te\u00a0\u00bb \u00e0 l\u2019adresse de contact. Une attestation de pr\u00e9sence pourra vous \u00eatre remise sur place sur demande. Nous contacter : bonjour (@)planteetplanete.org Tel\u00a0: 09.54.72.08.84 Participation aux frais\u00a0: Tarif \u00e9tudiant &hellip; <a href=\"https:\/\/www.plantesetsavoirs.org\/?page_id=343\" class=\"more-link\">Continue reading <span class=\"screen-reader-text\">S&rsquo;inscrire<\/span><\/a><\/p>\n","protected":false},"author":1,"featured_media":0,"parent":25,"menu_order":0,"comment_status":"closed","ping_status":"open","template":"","meta":{"footnotes":""},"class_list":["post-343","page","type-page","status-publish","hentry"],"_links":{"self":[{"href":"https:\/\/www.plantesetsavoirs.org\/index.php?rest_route=\/wp\/v2\/pages\/343","targetHints":{"allow":["GET"]}}],"collection":[{"href":"https:\/\/www.plantesetsavoirs.org\/index.php?rest_route=\/wp\/v2\/pages"}],"about":[{"href":"https:\/\/www.plantesetsavoirs.org\/index.php?rest_route=\/wp\/v2\/types\/page"}],"author":[{"embeddable":true,"href":"https:\/\/www.plantesetsavoirs.org\/index.php?rest_route=\/wp\/v2\/users\/1"}],"replies":[{"embeddable":true,"href":"https:\/\/www.plantesetsavoirs.org\/index.php?rest_route=%2Fwp%2Fv2%2Fcomments&post=343"}],"version-history":[{"count":8,"href":"https:\/\/www.plantesetsavoirs.org\/index.php?rest_route=\/wp\/v2\/pages\/343\/revisions"}],"predecessor-version":[{"id":594,"href":"https:\/\/www.plantesetsavoirs.org\/index.php?rest_route=\/wp\/v2\/pages\/343\/revisions\/594"}],"up":[{"embeddable":true,"href":"https:\/\/www.plantesetsavoirs.org\/index.php?rest_route=\/wp\/v2\/pages\/25"}],"wp:attachment":[{"href":"https:\/\/www.plantesetsavoirs.org\/index.php?rest_route=%2Fwp%2Fv2%2Fmedia&parent=343"}],"curies":[{"name":"wp","href":"https:\/\/api.w.org\/{rel}","templated":true}]}}