{"id":287,"date":"2016-07-19T10:23:03","date_gmt":"2016-07-19T10:23:03","guid":{"rendered":"http:\/\/www.plantesetsavoirs.org\/?page_id=287"},"modified":"2017-05-12T07:13:56","modified_gmt":"2017-05-12T07:13:56","slug":"conferences-debats","status":"publish","type":"page","link":"https:\/\/www.plantesetsavoirs.org\/?page_id=287","title":{"rendered":"Conf\u00e9rences-d\u00e9bats"},"content":{"rendered":"<header class=\"entry-header\">\n<h1 class=\"entry-title\">Tarn: Grand Public<\/h1>\n<\/header>\n<div class=\"entry-content\">\n<p>Afin de profiter au maximum de la venue de nos intervenants internationaux, nous organisons des rencontres avec le grand public aux dates suivantes:<\/p>\n<p><strong>MARDI 25 AVRIL \u00e0 20h30, m\u00e9diath\u00e8que Pierre Almaric d\u2019Albi<br \/>\nConf\u00e9rence grand public \u2013 Entr\u00e9e gratuite.<br \/>\n<\/strong><\/p>\n<p>\u00ab\u00a0Ce lien qui unit hommes et plantes\u00a0\u00bb. Avec Miguel Puescas et Sanjitpaal Singh.<br \/>\nUne conf\u00e9rence en forme de voyage pour explorer ces liens universels qui unissent les hommes et les plantes\u00a0!<\/p>\n<p><strong>MERCREDI 26 AVRIL \u00e0 partir de 18h00, Rencontres \u00ab\u00a0Plantes et savoirs\u00a0\u00bb \u00e0 Mont-Roc \u2013 Participation Libre<br \/>\n<\/strong><\/p>\n<p>Tous nos invit\u00e9s \u00e9taient pr\u00e9sents, ils se sont pr\u00e9sent\u00e9s avant un temps de discussions et de rencontres informelles.<\/p>\n<p>A partir de 20h00 : diner participatif, chacun apporte un plat \u00e0 partager (sp\u00e9cialit\u00e9s locales bienvenues !).<br \/>\n<em>Merci \u00e0 la Communaut\u00e9 de Communes des Monts d\u2019Alban et du Villefranchois qui offrira un panier de sp\u00e9cialit\u00e9s locales.<\/em><br \/>\nAdresse\u00a0: La Calvayri\u00e9, 81120 Mont-Roc (voir instructions sur le site <a href=\"http:\/\/www.planteetplanete.org\" data-saferedirecturl=\"https:\/\/www.google.com\/url?hl=fr&amp;q=http:\/\/www.planteetplanete.org&amp;source=gmail&amp;ust=1490692900761000&amp;usg=AFQjCNGMx8IJMHciG9Xb722PfRq0ey0K0g\">www.planteetplanete.org<\/a> rubrique Tarn)<\/p>\n<p><strong>JEUDI 27 AVRIL de 9H00 \u00e0 16H00, Journ\u00e9e de la Biodiversit\u00e9 du lyc\u00e9e Fonlabour \u00e0 Albi<br \/>\n<\/strong><\/p>\n<p>Conf\u00e9rence de Sara Mateo \u00e0 9h00.<\/p>\n<p>Stand Plante et Plan\u00e8te de 9h00 \u00e0 16h00.<\/p>\n<\/div>\n<h1 class=\"entry-title\">Normandie: Grand Public<\/h1>\n<p>Plusieurs invit\u00e9s \u00e9trangers ont particip\u00e9 au <strong>festival \u00ab\u00a0L&rsquo;appel au Bois Normand\u00a0\u00bb \u00e0 Lor\u00e9<\/strong>, en Normandie. Ils ont donn\u00e9 deux conf\u00e9rences\u00a0 le <strong>samedi 29 avril<\/strong> :<\/p>\n<p><strong>Sanjitpaal Singh (Malaisie) : La for\u00eat tropicale et l\u2019humain \u2013 t\u00e9moignage d\u2019un photographe naturaliste<\/strong><br \/>\nUne conf\u00e9rence en forme de voyage photographique pour explorer ces liens universels qui unissent les hommes et les plantes\u00a0! Sanjitpaal Singh est photographe naturaliste en Malaisie, laur\u00e9at de prix internationaux pour son travail qui t\u00e9moigne des changements survenus au cours des ans dans la for\u00eat tropicale de son pays. Acteur de terrain \u0153uvrant pour les plantes et la biodiversit\u00e9, il parlera de son pays, de sa culture, et des actions concr\u00e8tes qu\u2019il m\u00e8ne, afin d\u2019inspirer notre propre r\u00e9flexion sur notre lien aux plantes et aux milieux naturels qui nous entourent.<\/p>\n<p><strong>Sara Mateo (P\u00e9rou) : Actions des communaut\u00e9s traditionnelles en Amazonie P\u00e9ruvienne<\/strong><\/p>\n<p>Un t\u00e9moignage direct d\u2019une invit\u00e9e venue du P\u00e9rou pour partager\u00a0 et encourager chacun \u00e0 agir pour pr\u00e9server notre patrimoine naturel et culturel. Ing\u00e9nieure g\u00e9ographe, titulaire d\u2019un Master en politiques environnementales, Sara Mateo est sp\u00e9cialiste en gestion de ressources naturelles, populations autochtones, genre et changement climatique ainsi qu\u2019en standards socio-environnementaux pour les projets de conservation et de d\u00e9veloppement. Elle parlera des projets qu\u2019elle accompagne en Amazonie p\u00e9ruvienne aupr\u00e8s des populations locales. Pour vous donner envie de vous engager \u00e0 votre tour dans l\u2019action\u00a0!<\/p>\n<p>&nbsp;<\/p>\n<p>Si vous souhaitez nous solliciter \u00e0 l&rsquo;avenir pour des \u00e9v\u00e9nements grand public :<\/p>\n<p><strong>L\u2019exposition <a href=\"http:\/\/www.planteetplanete.org\/index.php?s=7&amp;l=fr&amp;t=planteetplanete&amp;a=showarticle&amp;r=358&amp;divid=main_1&amp;divcode=mainBox&amp;llink=1&amp;js=no&amp;cache=1\" target=\"_blank\">Vital V\u00e9g\u00e9tal <\/a>peut \u00eatre lou\u00e9e pour pr\u00e9parer ou accompagner les interventions. <\/strong><\/p>\n<p><a href=\"http:\/\/www.planteetplanete.org\/index.php?s=7&amp;l=fr&amp;t=planteetplanete&amp;js=no&amp;cache=1&amp;a=showarticle&amp;r=6&amp;divid=main_1&amp;divcode=mainBox&amp;color=_db7791\" target=\"_blank\">Cliquez ici pour voir les documentaires et nos ressources p\u00e9dagogiques.<\/a><\/p>\n<p>N\u2019h\u00e9sitez pas \u00e0 <a href=\"http:\/\/www.planteetplanete.org\/index.php?s=7&amp;l=fr&amp;t=planteetplanete&amp;a=showarticle&amp;r=508&amp;divid=main_1&amp;divcode=mainBox&amp;llink=1&amp;js=no&amp;cache=1\" target=\"_blank\">nous contacter<\/a> pour conna\u00eetre les tarifs des interventions et de location de l\u2019exposition.<\/p>\n<p>&nbsp;<\/p>\n","protected":false},"excerpt":{"rendered":"<p>Tarn: Grand Public Afin de profiter au maximum de la venue de nos intervenants internationaux, nous organisons des rencontres avec le grand public aux dates suivantes: MARDI 25 AVRIL \u00e0 20h30, m\u00e9diath\u00e8que Pierre Almaric d\u2019Albi Conf\u00e9rence grand public \u2013 Entr\u00e9e gratuite. \u00ab\u00a0Ce lien qui unit hommes et plantes\u00a0\u00bb. Avec Miguel Puescas et Sanjitpaal Singh. Une &hellip; <a href=\"https:\/\/www.plantesetsavoirs.org\/?page_id=287\" class=\"more-link\">Continue reading <span class=\"screen-reader-text\">Conf\u00e9rences-d\u00e9bats<\/span><\/a><\/p>\n","protected":false},"author":1,"featured_media":0,"parent":0,"menu_order":0,"comment_status":"closed","ping_status":"open","template":"","meta":{"footnotes":""},"class_list":["post-287","page","type-page","status-publish","hentry"],"_links":{"self":[{"href":"https:\/\/www.plantesetsavoirs.org\/index.php?rest_route=\/wp\/v2\/pages\/287","targetHints":{"allow":["GET"]}}],"collection":[{"href":"https:\/\/www.plantesetsavoirs.org\/index.php?rest_route=\/wp\/v2\/pages"}],"about":[{"href":"https:\/\/www.plantesetsavoirs.org\/index.php?rest_route=\/wp\/v2\/types\/page"}],"author":[{"embeddable":true,"href":"https:\/\/www.plantesetsavoirs.org\/index.php?rest_route=\/wp\/v2\/users\/1"}],"replies":[{"embeddable":true,"href":"https:\/\/www.plantesetsavoirs.org\/index.php?rest_route=%2Fwp%2Fv2%2Fcomments&post=287"}],"version-history":[{"count":5,"href":"https:\/\/www.plantesetsavoirs.org\/index.php?rest_route=\/wp\/v2\/pages\/287\/revisions"}],"predecessor-version":[{"id":613,"href":"https:\/\/www.plantesetsavoirs.org\/index.php?rest_route=\/wp\/v2\/pages\/287\/revisions\/613"}],"wp:attachment":[{"href":"https:\/\/www.plantesetsavoirs.org\/index.php?rest_route=%2Fwp%2Fv2%2Fmedia&parent=287"}],"curies":[{"name":"wp","href":"https:\/\/api.w.org\/{rel}","templated":true}]}}