{"id":25,"date":"2015-01-15T21:04:50","date_gmt":"2015-01-15T21:04:50","guid":{"rendered":"http:\/\/www.plantesetsavoirs.org\/?page_id=25"},"modified":"2017-04-19T06:42:50","modified_gmt":"2017-04-19T06:42:50","slug":"infos-pratiques","status":"publish","type":"page","link":"https:\/\/www.plantesetsavoirs.org\/?page_id=25","title":{"rendered":"Infos pratiques"},"content":{"rendered":"<p><strong><span style=\"color: #ff0000;\">Pour le colloque du 22 avril 2017<\/span><br \/>\n<\/strong><\/p>\n<p><strong><em>Pour les autres \u00e9v\u00e9nements, voir dans chaque article les infos pratiques !<\/em><\/strong><\/p>\n<p><strong>Nous contacter :<br \/>\n<\/strong><\/p>\n<p>MDA du 12eme<br \/>\n181 avenue Daumesnil<br \/>\n75012 Paris<\/p>\n<p>Antenne Tarn :<br \/>\nLa Calvayri\u00e9<br \/>\n81120 Mont-Roc<\/p>\n<p>bonjour (@)planteetplanete.org<br \/>\nTel\u00a0: 09.54.72.08.84<\/p>\n<p><strong><u>Participation aux frais\u00a0:<\/u><\/strong><\/p>\n<p>Le dernier num\u00e9ro de Plantes &amp; Sant\u00e9 vous est offert!<\/p>\n<p>Tarif \u00e9tudiant : 20\u20ac<\/p>\n<p>Tarif adh\u00e9rent Plante &amp; Plan\u00e8te, EPI, l&rsquo;\u00eatre v\u00e9g\u00e9tal, S\u00e8ve &amp; Papillon : 30\u20ac<\/p>\n<p>Particulier : 45\u20ac<\/p>\n<p>Professionnel : 80\u20ac<\/p>\n<p>Pour s\u2019inscrire <a href=\"https:\/\/www.helloasso.com\/associations\/plante-et-planete\/evenements\/plantes-et-savoirs-dialogue-des-5-continents-2017\" target=\"_blank\">suivez ce lien<\/a> pour payer en ligne.<\/p>\n<p>Si vous pr\u00e9f\u00e9rez r\u00e9gler par ch\u00e8que, merci d\u2019envoyer le ch\u00e8que \u00e0 l\u2019ordre de \u00ab\u00a0Plante et Plan\u00e8te\u00a0\u00bb \u00e0 l\u2019adresse de contact. Une attestation de pr\u00e9sence pourra vous \u00eatre remise sur place sur demande.<\/p>\n<p><strong><span style=\"text-decoration: underline;\"><u>Restauration\u00a0:<\/u><\/span><\/strong><\/p>\n<p>Un verre de l&rsquo;amiti\u00e9 vous sera offert en fin de colloque. Pour le d\u00e9jeuner, des restaurants de tout type et \u00e0 des prix raisonnables sont situ\u00e9s dans le quartier. L&rsquo;association se chargera du caf\u00e9!<\/p>\n<p><strong>\u00a0<span style=\"text-decoration: underline;\"><u>Traduction\u00a0: <\/u><\/span><\/strong><\/p>\n<p>Le colloque se d\u00e9roulera en fran\u00e7ais, anglais et espagnol. Une traduction est pr\u00e9vue.<\/p>\n<p><strong>\u00a0<\/strong><span style=\"text-decoration: underline;\"><strong>Lieu\u00a0:<\/strong> <\/span><\/p>\n<p>Halle Pajol \u2013 20 esplanade Nathalie Sarraute \u2013 75018 Paris<br \/>\nB\u00e2timent en bois en face du 43 rue Pajol \u2013 <strong>entr\u00e9e par l\u2019auberge de jeunesse<\/strong><\/p>\n<p><strong><span style=\"text-decoration: underline;\">Acc\u00e8s <\/span><span style=\"text-decoration: underline;\">M\u00e9tro\/RER :<\/span><\/strong><br \/>\n&#8211; M\u00b0 La Chapelle: Ligne 2<br \/>\n&#8211; M\u00b0 Marx Dormoy: Ligne 12<br \/>\n&#8211; M\u00b0 Gare du Nord: RER B, RER D, Ligne 4<br \/>\n&#8211; Magenta: RER E<\/p>\n<p><span style=\"text-decoration: underline;\"><strong>Acc\u00e8s Bus\u00a0:<\/strong><\/span> Lignes 48; 60; 65; 35. Arr\u00eat : La Chapelle<br \/>\n<span style=\"text-decoration: underline;\"><strong>Acc\u00e8s Train:<\/strong><\/span> Station Gare du Nord ou gare de l&rsquo;Est<br \/>\n<strong><span style=\"text-decoration: underline;\">Acc\u00e8s par la route\u00a0:<\/span><\/strong> P\u00e9riph\u00e9rique sortie Porte d\u2019Aubervilliers ou Porte de la Chapelle.<br \/>\n<i>Il est difficile de se garer dans le quartier, nous vous conseillons de privil\u00e9gier les transports en commun ou le v\u00e9lo\u00a0!<\/i><\/p>\n<p>&nbsp;<\/p>\n","protected":false},"excerpt":{"rendered":"<p>Pour le colloque du 22 avril 2017 Pour les autres \u00e9v\u00e9nements, voir dans chaque article les infos pratiques ! Nous contacter : MDA du 12eme 181 avenue Daumesnil 75012 Paris Antenne Tarn : La Calvayri\u00e9 81120 Mont-Roc bonjour (@)planteetplanete.org Tel\u00a0: 09.54.72.08.84 Participation aux frais\u00a0: Le dernier num\u00e9ro de Plantes &amp; Sant\u00e9 vous est offert! Tarif &hellip; <a href=\"https:\/\/www.plantesetsavoirs.org\/?page_id=25\" class=\"more-link\">Continue reading <span class=\"screen-reader-text\">Infos pratiques<\/span><\/a><\/p>\n","protected":false},"author":1,"featured_media":0,"parent":0,"menu_order":0,"comment_status":"closed","ping_status":"open","template":"","meta":{"footnotes":""},"class_list":["post-25","page","type-page","status-publish","hentry"],"_links":{"self":[{"href":"https:\/\/www.plantesetsavoirs.org\/index.php?rest_route=\/wp\/v2\/pages\/25","targetHints":{"allow":["GET"]}}],"collection":[{"href":"https:\/\/www.plantesetsavoirs.org\/index.php?rest_route=\/wp\/v2\/pages"}],"about":[{"href":"https:\/\/www.plantesetsavoirs.org\/index.php?rest_route=\/wp\/v2\/types\/page"}],"author":[{"embeddable":true,"href":"https:\/\/www.plantesetsavoirs.org\/index.php?rest_route=\/wp\/v2\/users\/1"}],"replies":[{"embeddable":true,"href":"https:\/\/www.plantesetsavoirs.org\/index.php?rest_route=%2Fwp%2Fv2%2Fcomments&post=25"}],"version-history":[{"count":10,"href":"https:\/\/www.plantesetsavoirs.org\/index.php?rest_route=\/wp\/v2\/pages\/25\/revisions"}],"predecessor-version":[{"id":593,"href":"https:\/\/www.plantesetsavoirs.org\/index.php?rest_route=\/wp\/v2\/pages\/25\/revisions\/593"}],"wp:attachment":[{"href":"https:\/\/www.plantesetsavoirs.org\/index.php?rest_route=%2Fwp%2Fv2%2Fmedia&parent=25"}],"curies":[{"name":"wp","href":"https:\/\/api.w.org\/{rel}","templated":true}]}}