{"id":247,"date":"2015-04-25T15:01:50","date_gmt":"2015-04-25T15:01:50","guid":{"rendered":"http:\/\/www.plantesetsavoirs.org\/?page_id=247"},"modified":"2016-12-26T11:45:16","modified_gmt":"2016-12-26T11:45:16","slug":"suites-du-colloque","status":"publish","type":"page","link":"https:\/\/www.plantesetsavoirs.org\/?page_id=247","title":{"rendered":"Colloque 2015"},"content":{"rendered":"<p>Retrouvez sur notre site <a href=\"http:\/\/www.planteetplanete.org\/index.php?s=7&amp;l=fr&amp;t=planteetplanete&amp;js=no&amp;cache=1&amp;a=showarticle&amp;r=612&amp;divpar=main&amp;divid=main_1&amp;divcode=mainBox\" target=\"_blank\">une s\u00e9lection de photos du colloque du 14 avril 2015<\/a>.<\/p>\n<p>Voici le programme qui a \u00e9t\u00e9 propos\u00e9 lors de cette journ\u00e9e :<\/p>\n<p>9h00\u00a0: Introduction<\/p>\n<p>9h30\u2013 10h45\u00a0: Table ronde : <b>Pr\u00e9server une ressource v\u00e9g\u00e9tale et culturelle\u00a0: exemples d\u2019actions et de recherches<br \/>\n<\/b>Avec Miguel Puescas Chully (P\u00e9rou) et Tamara Wong (Hawa\u00ef)<br \/>\nanimation par Daniel Joutard &#8211; A\u00efny<br \/>\nPr\u00e9sentations, t\u00e9moignages, questions<\/p>\n<p>10h45 \u2013 11h00\u00a0: pause<\/p>\n<p>11h00-12h00 : Table ronde : <b>D\u00e9veloppement d\u2019un pays, pr\u00e9servation de la biodiversit\u00e9 v\u00e9g\u00e9tale et respect des savoirs traditionnels<\/b><br \/>\nAvec Jean-Fran\u00e7ois Mboumba (Gabon). T\u00e9moins : Miguel Puescas (P\u00e9rou) et Laurence Chaber (France)<br \/>\nanimation par Nilce Ekandzi (France\/Congo)<br \/>\nPr\u00e9sentations, t\u00e9moignages, questions<\/p>\n<p>12h00 \u2013 12h30\u00a0: Quelques plantes fran\u00e7aises et leurs usages<br \/>\nPar Laurence Chaber (France)<\/p>\n<p>&#8212;<\/p>\n<p>12h30 &#8211; 14h00\u00a0: D\u00e9jeuner bio<br \/>\nAtelier surprise pendant le d\u00e9jeuner<br \/>\n12h40 \u2013 14h00 : projections de films dans l\u2019amphith\u00e9\u00e2tre<\/p>\n<p>&#8212;<\/p>\n<p>14h00 \u2013 15h00 : <strong>S\u00e9quences \u00ab\u00a0point de vue\u00a0\u00bb<\/strong><br \/>\n&#8211; le point de vue du photographe, avec Sanjitpaal Singh (Malaisie)<br \/>\n&#8211; le point de vue du juriste, avec Nilce Ekandzi (France)<br \/>\n&#8211; le point de vue de l&rsquo;entreprise, avec Daniel Joutard (soci\u00e9t\u00e9 A\u00efny)<br \/>\n&#8211; le point de vue du public : deux personnes seront tir\u00e9es au sort parmi les volontaires du public pour donner leur point de vue ou pr\u00e9senter leur action<\/p>\n<p>15h00 \u2013 16h30\u00a0: Table ronde : <b>La n\u00e9cessaire compl\u00e9mentarit\u00e9 des approches scientifiques et traditionnelles pour r\u00e9ussir la transition soci\u00e9tale<br \/>\n<\/b>Avec Jean-Louis Garillon (France) et Tamara Wong (Hawa\u00ef)<br \/>\nanimation par Maxence Layet &#8211; Orbs<br \/>\nPr\u00e9sentations, t\u00e9moignages, questions<\/p>\n<p>16h30 \u2013 17h00\u00a0: Conclusions<\/p>\n<p>17h00 \u2013 17h30\u00a0: Danses hawa\u00efennes anciennes (par l\u2019association France-Hawa\u00ef)<\/p>\n<p>17h30\u00a0: Verre de l\u2019amiti\u00e9<\/p>\n","protected":false},"excerpt":{"rendered":"<p>Retrouvez sur notre site une s\u00e9lection de photos du colloque du 14 avril 2015. Voici le programme qui a \u00e9t\u00e9 propos\u00e9 lors de cette journ\u00e9e : 9h00\u00a0: Introduction 9h30\u2013 10h45\u00a0: Table ronde : Pr\u00e9server une ressource v\u00e9g\u00e9tale et culturelle\u00a0: exemples d\u2019actions et de recherches Avec Miguel Puescas Chully (P\u00e9rou) et Tamara Wong (Hawa\u00ef) animation par &hellip; <a href=\"https:\/\/www.plantesetsavoirs.org\/?page_id=247\" class=\"more-link\">Continue reading <span class=\"screen-reader-text\">Colloque 2015<\/span><\/a><\/p>\n","protected":false},"author":1,"featured_media":0,"parent":0,"menu_order":0,"comment_status":"closed","ping_status":"open","template":"","meta":{"footnotes":""},"class_list":["post-247","page","type-page","status-publish","hentry"],"_links":{"self":[{"href":"https:\/\/www.plantesetsavoirs.org\/index.php?rest_route=\/wp\/v2\/pages\/247","targetHints":{"allow":["GET"]}}],"collection":[{"href":"https:\/\/www.plantesetsavoirs.org\/index.php?rest_route=\/wp\/v2\/pages"}],"about":[{"href":"https:\/\/www.plantesetsavoirs.org\/index.php?rest_route=\/wp\/v2\/types\/page"}],"author":[{"embeddable":true,"href":"https:\/\/www.plantesetsavoirs.org\/index.php?rest_route=\/wp\/v2\/users\/1"}],"replies":[{"embeddable":true,"href":"https:\/\/www.plantesetsavoirs.org\/index.php?rest_route=%2Fwp%2Fv2%2Fcomments&post=247"}],"version-history":[{"count":5,"href":"https:\/\/www.plantesetsavoirs.org\/index.php?rest_route=\/wp\/v2\/pages\/247\/revisions"}],"predecessor-version":[{"id":353,"href":"https:\/\/www.plantesetsavoirs.org\/index.php?rest_route=\/wp\/v2\/pages\/247\/revisions\/353"}],"wp:attachment":[{"href":"https:\/\/www.plantesetsavoirs.org\/index.php?rest_route=%2Fwp%2Fv2%2Fmedia&parent=247"}],"curies":[{"name":"wp","href":"https:\/\/api.w.org\/{rel}","templated":true}]}}