{"id":169,"date":"2015-03-05T19:31:21","date_gmt":"2015-03-05T19:31:21","guid":{"rendered":"http:\/\/www.plantesetsavoirs.org\/?page_id=169"},"modified":"2015-04-04T19:18:23","modified_gmt":"2015-04-04T19:18:23","slug":"code-du-dialogue","status":"publish","type":"page","link":"https:\/\/www.plantesetsavoirs.org\/?page_id=169","title":{"rendered":"Code du dialogue"},"content":{"rendered":"<p><strong><a href=\"http:\/\/www.plantesetsavoirs.org\/wp-content\/uploads\/2015\/03\/Titre_code_dialogue.jpg\"><img loading=\"lazy\" decoding=\"async\" class=\"alignnone wp-image-224 size-full\" src=\"http:\/\/www.plantesetsavoirs.org\/wp-content\/uploads\/2015\/03\/Titre_code_dialogue.jpg\" alt=\"Titre_code_dialogue\" width=\"654\" height=\"200\" srcset=\"https:\/\/www.plantesetsavoirs.org\/wp-content\/uploads\/2015\/03\/Titre_code_dialogue.jpg 654w, https:\/\/www.plantesetsavoirs.org\/wp-content\/uploads\/2015\/03\/Titre_code_dialogue-300x92.jpg 300w\" sizes=\"auto, (max-width: 654px) 100vw, 654px\" \/><\/a><\/strong><\/p>\n<p><strong>Tu penses que dialoguer c\u2019est facile ? Alors passe ton code pour savoir si tu sais conduire un \u00e9change ! R\u00e9ponds aux questions et regarde le r\u00e9sultat \u00e0 la fin\u2026<\/strong><\/p>\n<p><strong>Question 1<\/strong><\/p>\n<p><a href=\"http:\/\/www.plantesetsavoirs.org\/wp-content\/uploads\/2015\/03\/Q1-web.jpg\"><img loading=\"lazy\" decoding=\"async\" class=\"alignnone wp-image-175 size-full\" src=\"http:\/\/www.plantesetsavoirs.org\/wp-content\/uploads\/2015\/03\/Q1-web.jpg\" alt=\"Q1 web\" width=\"902\" height=\"600\" srcset=\"https:\/\/www.plantesetsavoirs.org\/wp-content\/uploads\/2015\/03\/Q1-web.jpg 902w, https:\/\/www.plantesetsavoirs.org\/wp-content\/uploads\/2015\/03\/Q1-web-300x200.jpg 300w\" sizes=\"auto, (max-width: 902px) 100vw, 902px\" \/><\/a><\/p>\n<p>Le dialogue entre ces deux personnes est :<\/p>\n<p>&#8211; constructif : ils \u00e9changent des arguments &#8211;<strong> A<\/strong><br \/>\n&#8211; normal : ils crient parce qu\u2019il y a du bruit autour &#8211; <strong>B<\/strong><br \/>\n&#8211; inutile : quand on commence \u00e0 s\u2019\u00e9nerver, on ne peut pas dialoguer ! &#8211; <strong>C<\/strong><\/p>\n<p><strong>Question 2<\/strong><\/p>\n<p><a href=\"http:\/\/www.plantesetsavoirs.org\/wp-content\/uploads\/2015\/03\/Q2-web.jpg\"><img loading=\"lazy\" decoding=\"async\" class=\"alignnone wp-image-176 size-full\" src=\"http:\/\/www.plantesetsavoirs.org\/wp-content\/uploads\/2015\/03\/Q2-web.jpg\" alt=\"Q2 web\" width=\"899\" height=\"594\" srcset=\"https:\/\/www.plantesetsavoirs.org\/wp-content\/uploads\/2015\/03\/Q2-web.jpg 899w, https:\/\/www.plantesetsavoirs.org\/wp-content\/uploads\/2015\/03\/Q2-web-300x198.jpg 300w\" sizes=\"auto, (max-width: 899px) 100vw, 899px\" \/><\/a><\/p>\n<p>Les membres de ce groupe :<\/p>\n<p>&#8211;\u00a0 font tous la t\u00eate, il y a des jours comme \u00e7a\u2026 &#8211; <strong>A<\/strong><br \/>\n&#8211; perdent une bonne opportunit\u00e9 d\u2019\u00e9changer des points de vue IRL &#8211; <strong>B<\/strong><br \/>\n&#8211; dialoguent via leurs ordinateurs, c\u2019est plus simple &#8211; <strong>C<\/strong><\/p>\n<p><strong>Question 3<\/strong><\/p>\n<p><a href=\"http:\/\/www.plantesetsavoirs.org\/wp-content\/uploads\/2015\/03\/Q3-toguna-Max-Vavassori-taille-web.jpg\"><img loading=\"lazy\" decoding=\"async\" class=\"alignnone wp-image-177 size-full\" src=\"http:\/\/www.plantesetsavoirs.org\/wp-content\/uploads\/2015\/03\/Q3-toguna-Max-Vavassori-taille-web.jpg\" alt=\"Q3 toguna Max Vavassori taille web\" width=\"900\" height=\"675\" srcset=\"https:\/\/www.plantesetsavoirs.org\/wp-content\/uploads\/2015\/03\/Q3-toguna-Max-Vavassori-taille-web.jpg 900w, https:\/\/www.plantesetsavoirs.org\/wp-content\/uploads\/2015\/03\/Q3-toguna-Max-Vavassori-taille-web-300x225.jpg 300w\" sizes=\"auto, (max-width: 900px) 100vw, 900px\" \/><\/a><\/p>\n<p>La photo repr\u00e9sente une <em>toguna<\/em>. La <em>toguna<\/em> est traditionnellement le lieu de discussion et de r\u00e8glement de conflits en pays Dogon au Mali.<br \/>\nPourquoi le plafond est-il bas ?<\/p>\n<p>&#8211; les constructeurs n\u2019\u00e9taient pas assez grands pour l&rsquo;\u00e9lever plus haut &#8211;<strong>A<\/strong><br \/>\n&#8211; ils manquaient de mat\u00e9riaux pour la construction &#8211; <strong>B<\/strong><br \/>\n&#8211; un plafond bas emp\u00eache les gens de se lever et de s\u2019\u00e9nerver. Il est plus facile de garder son calme en \u00e9tant assis ! &#8211; <strong>C<\/strong><\/p>\n<p><em>\u00a0Photo : Max Vavassori &#8211; http:\/\/www.panoramio.com\/photo\/1036044<\/em><\/p>\n<p><strong>Question 4<\/strong><\/p>\n<p><a href=\"http:\/\/www.plantesetsavoirs.org\/wp-content\/uploads\/2015\/03\/Q5-web.jpg\"><img loading=\"lazy\" decoding=\"async\" class=\"alignnone wp-image-172 size-full\" src=\"http:\/\/www.plantesetsavoirs.org\/wp-content\/uploads\/2015\/03\/Q5-web.jpg\" alt=\"Q5 web\" width=\"902\" height=\"534\" srcset=\"https:\/\/www.plantesetsavoirs.org\/wp-content\/uploads\/2015\/03\/Q5-web.jpg 902w, https:\/\/www.plantesetsavoirs.org\/wp-content\/uploads\/2015\/03\/Q5-web-300x178.jpg 300w\" sizes=\"auto, (max-width: 902px) 100vw, 902px\" \/><\/a><\/p>\n<p>La distance entre ces personnes est :<\/p>\n<p>&#8211; n\u00e9cessaire : ils ont besoin d\u2019espace pour r\u00e9fl\u00e9chir <strong>&#8211; A<\/strong><br \/>\n&#8211; p\u00e9nalisante : difficile de dialoguer quand on doit \u00e9lever la voix pour se faire entendre <strong>&#8211; B<\/strong><br \/>\n&#8211; autant utiliser toute la salle, non ? <strong>&#8211; C<\/strong><\/p>\n<p><strong>Question 5<\/strong><\/p>\n<p><a href=\"http:\/\/www.plantesetsavoirs.org\/wp-content\/uploads\/2015\/03\/Q4-web.jpg\"><img loading=\"lazy\" decoding=\"async\" class=\"alignnone wp-image-178 size-full\" src=\"http:\/\/www.plantesetsavoirs.org\/wp-content\/uploads\/2015\/03\/Q4-web.jpg\" alt=\"Q4 web\" width=\"900\" height=\"648\" srcset=\"https:\/\/www.plantesetsavoirs.org\/wp-content\/uploads\/2015\/03\/Q4-web.jpg 900w, https:\/\/www.plantesetsavoirs.org\/wp-content\/uploads\/2015\/03\/Q4-web-300x216.jpg 300w\" sizes=\"auto, (max-width: 900px) 100vw, 900px\" \/><\/a><\/p>\n<p>La personne de droite :<\/p>\n<p>&#8211; \u00e9coute attentivement en attendant de prendre la parole <strong>&#8211; A<\/strong><br \/>\n&#8211; se renferme sur elle-m\u00eame, elle n\u2019est pas d\u2019accord <strong>&#8211; B<\/strong><br \/>\n&#8211; \u00e9cris un texto super important <strong>&#8211; C<\/strong><\/p>\n<p><strong>Question 6<\/strong><\/p>\n<p><a href=\"http:\/\/www.plantesetsavoirs.org\/wp-content\/uploads\/2015\/03\/Q6-web.jpg\"><img loading=\"lazy\" decoding=\"async\" class=\"alignnone wp-image-173 size-full\" src=\"http:\/\/www.plantesetsavoirs.org\/wp-content\/uploads\/2015\/03\/Q6-web.jpg\" alt=\"Q6 web\" width=\"900\" height=\"584\" srcset=\"https:\/\/www.plantesetsavoirs.org\/wp-content\/uploads\/2015\/03\/Q6-web.jpg 900w, https:\/\/www.plantesetsavoirs.org\/wp-content\/uploads\/2015\/03\/Q6-web-300x195.jpg 300w\" sizes=\"auto, (max-width: 900px) 100vw, 900px\" \/><\/a><\/p>\n<p>La personne du milieu est :<\/p>\n<p>&#8211; un m\u00e9diateur : il donne la possibilit\u00e9 \u00e0 chacun de parler de fa\u00e7on \u00e9quitable <strong>&#8211; A<\/strong><br \/>\n&#8211; un arbitre : c\u2019est elle qui d\u00e9cidera du vainqueur \u00e0 la fin de la discussion <strong>&#8211; B<\/strong><br \/>\n&#8211; en stage pour \u00eatre surveillant \u00e0 la cantine <strong>&#8211; C<\/strong><\/p>\n<p><strong>Question 7\u00a0<\/strong><\/p>\n<p><a href=\"http:\/\/www.plantesetsavoirs.org\/wp-content\/uploads\/2015\/03\/Q7-talking-stick.jpg\"><img loading=\"lazy\" decoding=\"async\" class=\"alignnone wp-image-174 size-full\" src=\"http:\/\/www.plantesetsavoirs.org\/wp-content\/uploads\/2015\/03\/Q7-talking-stick.jpg\" alt=\"Q7 talking stick\" width=\"900\" height=\"600\" srcset=\"https:\/\/www.plantesetsavoirs.org\/wp-content\/uploads\/2015\/03\/Q7-talking-stick.jpg 900w, https:\/\/www.plantesetsavoirs.org\/wp-content\/uploads\/2015\/03\/Q7-talking-stick-300x200.jpg 300w\" sizes=\"auto, (max-width: 900px) 100vw, 900px\" \/><\/a>Le \u00ab\u00a0b\u00e2ton de parole\u00a0\u00bb : \u00e0 quoi sert ce b\u00e2ton dans la tradition am\u00e9rindienne ?<\/p>\n<p>&#8211; \u00e0 permettre \u00e0 chacun de s\u2019exprimer \u00e0 son tour sans s\u2019interrompre &#8211; <strong>A<\/strong><br \/>\n&#8211; \u00e0 pouvoir tripoter un objet quand on a du mal \u00e0 prendre la parole en public &#8211; <strong>B<\/strong><br \/>\n&#8211; \u00e0 taper sur les personnes qui ne sont pas d\u2019accord &#8211; <strong>C<\/strong><\/p>\n<p><em>dessin : http:\/\/www.warpaths2peacepipes.com\/native-american-culture\/talking-sticks.htm ; photo : Edward S. Curtis<\/em><\/p>\n<hr \/>\n<p>&nbsp;<\/p>\n<p><strong>Maintenant compte tes bonnes r\u00e9ponses !<br \/>\n<\/strong><strong>R\u00e9ponses : 1-c ; 2-b; 3-c ; 4-b ou c ; 5-b ; 6-a ; 7-a<\/strong><\/p>\n<p><strong>Entre 1 et 3 bonnes r\u00e9ponses<\/strong> : L\u2019art du dialogue s\u2019apprend aussi. Il te reste quelques progr\u00e8s \u00e0 faire, mais puisque tu es sur ce site, c\u2019est que tu en as la volont\u00e9. Bravo, nous t\u2019encourageons !<\/p>\n<p><strong>Entre 4 et 6 bonnes r\u00e9ponses<\/strong> : Tu as du potentiel. Encore quelques d\u00e9tails et tu pourras \u00e9viter ou te sortir de toutes les situations difficiles gr\u00e2ce \u00e0 l\u2019art du dialogue. Tu pourras alors transmettre tes astuces\u2026<\/p>\n<p><strong>7 bonnes r\u00e9ponses<\/strong> : L\u2019art du dialogue n\u2019a pas de secret pour toi. Organise des d\u00e9bats et permet \u00e0 la parole de circuler pour d\u00e9fendre les causes qui te semblent justes !<\/p>\n<p>Tu as d\u2019autres id\u00e9es de questions \u00e0 ajouter au code du dialogue ? Envoie-nous par mail une photo et des r\u00e9ponses possibles, et si la question est retenue nous t\u2019enverrons un petit cadeau pour te remercier\u2026<\/p>\n<p><em>Photos sauf questions 6 et 7 : Droits r\u00e9serv\u00e9s &#8211; Plante et Plan\u00e8te<\/em> \/ <em>Acteurs : Elena, Melody, Thierry \/ <\/em><em>Conception et r\u00e9daction : Nathalie Frossard, Laurence Jezequel pour Plante et Plan\u00e8te.<br \/>\nMerci de citer l&rsquo;association pour toute reprise !<\/em><\/p>\n<hr \/>\n<p>&nbsp;<\/p>\n<p><strong>COMMENT R\u00c9USSIR UN DIALOGUE ?<br \/>\n<\/strong>Voici quelques cl\u00e9s pour un dialogue r\u00e9ussi :<\/p>\n<p><strong>1- Ceux qui dialoguent ont un int\u00e9r\u00eat \u00e0 le faire&#8230; m\u00eame si certains ont des int\u00e9r\u00eats divergents !<\/strong><\/p>\n<p><strong>2- \u00catre pr\u00eat \u00e0 \u00e9couter les autres et leurs arguments.<\/strong><\/p>\n<p><strong>3- \u00catre pr\u00eat \u00e0 faire \u00e9voluer sa position.<\/strong><\/p>\n<p><strong>4- Adopter les valeurs du dialogue : sinc\u00e9rit\u00e9, bienveillance, humilit\u00e9, pragmatisme, cr\u00e9ativit\u00e9,&#8230;<\/strong><\/p>\n<p><strong>5- Ne pas h\u00e9siter \u00e0 se faire aider par un facilitateur ou m\u00e9diateur qui pourra faire avancer la discussion lorsqu&rsquo;elle \u00ab\u00a0stagne\u00a0\u00bb.<\/strong><\/p>\n<p><strong>6- Laisser du temps au dialogue : tout ne se r\u00e9sout pas ou ne se d\u00e9cide pas imm\u00e9diatement. Il faut parfois plusieurs sessions pour r\u00e9pondre aux besoins et int\u00e9r\u00eats de chacun.<\/strong><\/p>\n<p><strong>\u00a0<\/strong><\/p>\n","protected":false},"excerpt":{"rendered":"<p>Tu penses que dialoguer c\u2019est facile ? Alors passe ton code pour savoir si tu sais conduire un \u00e9change ! R\u00e9ponds aux questions et regarde le r\u00e9sultat \u00e0 la fin\u2026 Question 1 Le dialogue entre ces deux personnes est : &#8211; constructif : ils \u00e9changent des arguments &#8211; A &#8211; normal : ils crient parce &hellip; <a href=\"https:\/\/www.plantesetsavoirs.org\/?page_id=169\" class=\"more-link\">Continue reading <span class=\"screen-reader-text\">Code du dialogue<\/span><\/a><\/p>\n","protected":false},"author":1,"featured_media":0,"parent":0,"menu_order":0,"comment_status":"closed","ping_status":"open","template":"","meta":{"footnotes":""},"class_list":["post-169","page","type-page","status-publish","hentry"],"_links":{"self":[{"href":"https:\/\/www.plantesetsavoirs.org\/index.php?rest_route=\/wp\/v2\/pages\/169","targetHints":{"allow":["GET"]}}],"collection":[{"href":"https:\/\/www.plantesetsavoirs.org\/index.php?rest_route=\/wp\/v2\/pages"}],"about":[{"href":"https:\/\/www.plantesetsavoirs.org\/index.php?rest_route=\/wp\/v2\/types\/page"}],"author":[{"embeddable":true,"href":"https:\/\/www.plantesetsavoirs.org\/index.php?rest_route=\/wp\/v2\/users\/1"}],"replies":[{"embeddable":true,"href":"https:\/\/www.plantesetsavoirs.org\/index.php?rest_route=%2Fwp%2Fv2%2Fcomments&post=169"}],"version-history":[{"count":11,"href":"https:\/\/www.plantesetsavoirs.org\/index.php?rest_route=\/wp\/v2\/pages\/169\/revisions"}],"predecessor-version":[{"id":234,"href":"https:\/\/www.plantesetsavoirs.org\/index.php?rest_route=\/wp\/v2\/pages\/169\/revisions\/234"}],"wp:attachment":[{"href":"https:\/\/www.plantesetsavoirs.org\/index.php?rest_route=%2Fwp%2Fv2%2Fmedia&parent=169"}],"curies":[{"name":"wp","href":"https:\/\/api.w.org\/{rel}","templated":true}]}}