{"id":145,"date":"2015-03-05T17:55:51","date_gmt":"2015-03-05T17:55:51","guid":{"rendered":"http:\/\/www.plantesetsavoirs.org\/?page_id=145"},"modified":"2017-05-12T07:17:50","modified_gmt":"2017-05-12T07:17:50","slug":"expo-vente-de-photos","status":"publish","type":"page","link":"https:\/\/www.plantesetsavoirs.org\/?page_id=145","title":{"rendered":"Expo-vente de photos"},"content":{"rendered":"<p><strong>Les photos suivantes de Sanjitpaal Singh sont en vente au prix exceptionnel de 100 euros par photo<\/strong>. Ces ventes contribuent au financement des actions de l&rsquo;association.<\/p>\n<p><strong>Sanjitpaal Singh<\/strong> est laur\u00e9at de divers prix internationaux pour ses photos de la for\u00eat malaisienne.<\/p>\n<p>Les photos de la s\u00e9rie<strong> \u00ab\u00a0Histoires de la for\u00eat malaisienne\u00a0\u00bb<\/strong> sont tir\u00e9es en grand format (60 cm x 80 cm ou 60 cm x 90 cm), sur support plexiglas tr\u00e8s r\u00e9sistant, avec un syst\u00e8me d&rsquo;accroche au dos.<\/p>\n<p><a href=\"http:\/\/plante-et-planete.donnerenligne.fr\/\" target=\"_blank\">Vous pouvez r\u00e9gler en ligne ici.<\/a><\/p>\n<p>Vous trouverez ci-dessous les photos encore en vente. Elles sont actuellement expos\u00e9es dans le Tarn mais nous pouvons les envoyer partout en France m\u00e9tropolitaine.<\/p>\n<div id='gallery-1' class='gallery galleryid-145 gallery-columns-3 gallery-size-thumbnail'><figure class='gallery-item'>\n\t\t\t<div class='gallery-icon portrait'>\n\t\t\t\t<a href='https:\/\/www.plantesetsavoirs.org\/?attachment_id=167'><img loading=\"lazy\" decoding=\"async\" width=\"150\" height=\"150\" src=\"https:\/\/www.plantesetsavoirs.org\/wp-content\/uploads\/2015\/03\/expo-18-150x150.jpg\" class=\"attachment-thumbnail size-thumbnail\" alt=\"\" \/><\/a>\n\t\t\t<\/div><\/figure><figure class='gallery-item'>\n\t\t\t<div class='gallery-icon portrait'>\n\t\t\t\t<a href='https:\/\/www.plantesetsavoirs.org\/?attachment_id=166'><img loading=\"lazy\" decoding=\"async\" width=\"150\" height=\"150\" src=\"https:\/\/www.plantesetsavoirs.org\/wp-content\/uploads\/2015\/03\/expo-17-150x150.jpg\" class=\"attachment-thumbnail size-thumbnail\" alt=\"\" \/><\/a>\n\t\t\t<\/div><\/figure><figure class='gallery-item'>\n\t\t\t<div class='gallery-icon portrait'>\n\t\t\t\t<a href='https:\/\/www.plantesetsavoirs.org\/?attachment_id=165'><img loading=\"lazy\" decoding=\"async\" width=\"150\" height=\"150\" src=\"https:\/\/www.plantesetsavoirs.org\/wp-content\/uploads\/2015\/03\/expo-16-150x150.jpg\" class=\"attachment-thumbnail size-thumbnail\" alt=\"\" \/><\/a>\n\t\t\t<\/div><\/figure><figure class='gallery-item'>\n\t\t\t<div class='gallery-icon landscape'>\n\t\t\t\t<a href='https:\/\/www.plantesetsavoirs.org\/?attachment_id=149'><img loading=\"lazy\" decoding=\"async\" width=\"150\" height=\"150\" src=\"https:\/\/www.plantesetsavoirs.org\/wp-content\/uploads\/2015\/03\/expo-19-150x150.jpg\" class=\"attachment-thumbnail size-thumbnail\" alt=\"\" \/><\/a>\n\t\t\t<\/div><\/figure><figure class='gallery-item'>\n\t\t\t<div class='gallery-icon portrait'>\n\t\t\t\t<a href='https:\/\/www.plantesetsavoirs.org\/?attachment_id=158'><img loading=\"lazy\" decoding=\"async\" width=\"150\" height=\"150\" src=\"https:\/\/www.plantesetsavoirs.org\/wp-content\/uploads\/2015\/03\/expo-9-150x150.jpg\" class=\"attachment-thumbnail size-thumbnail\" alt=\"\" \/><\/a>\n\t\t\t<\/div><\/figure><figure class='gallery-item'>\n\t\t\t<div class='gallery-icon landscape'>\n\t\t\t\t<a href='https:\/\/www.plantesetsavoirs.org\/?attachment_id=156'><img loading=\"lazy\" decoding=\"async\" width=\"150\" height=\"150\" src=\"https:\/\/www.plantesetsavoirs.org\/wp-content\/uploads\/2015\/03\/expo-7-150x150.jpg\" class=\"attachment-thumbnail size-thumbnail\" alt=\"\" \/><\/a>\n\t\t\t<\/div><\/figure>\n\t\t<\/div>\n\n<p>Les suivantes ont d\u00e9j\u00e0 \u00e9t\u00e9 vendues !!<\/p>\n<div id='gallery-2' class='gallery galleryid-145 gallery-columns-3 gallery-size-thumbnail'><figure class='gallery-item'>\n\t\t\t<div class='gallery-icon landscape'>\n\t\t\t\t<a href='https:\/\/www.plantesetsavoirs.org\/?attachment_id=154'><img loading=\"lazy\" decoding=\"async\" width=\"150\" height=\"150\" src=\"https:\/\/www.plantesetsavoirs.org\/wp-content\/uploads\/2015\/03\/expo-5-150x150.jpg\" class=\"attachment-thumbnail size-thumbnail\" alt=\"\" \/><\/a>\n\t\t\t<\/div><\/figure><figure class='gallery-item'>\n\t\t\t<div class='gallery-icon landscape'>\n\t\t\t\t<a href='https:\/\/www.plantesetsavoirs.org\/?attachment_id=153'><img loading=\"lazy\" decoding=\"async\" width=\"150\" height=\"150\" src=\"https:\/\/www.plantesetsavoirs.org\/wp-content\/uploads\/2015\/03\/expo-4Ardea-purpurea-150x150.jpg\" class=\"attachment-thumbnail size-thumbnail\" alt=\"\" \/><\/a>\n\t\t\t<\/div><\/figure><figure class='gallery-item'>\n\t\t\t<div class='gallery-icon landscape'>\n\t\t\t\t<a href='https:\/\/www.plantesetsavoirs.org\/?attachment_id=152'><img loading=\"lazy\" decoding=\"async\" width=\"150\" height=\"150\" src=\"https:\/\/www.plantesetsavoirs.org\/wp-content\/uploads\/2015\/03\/expo-3-150x150.jpg\" class=\"attachment-thumbnail size-thumbnail\" alt=\"\" \/><\/a>\n\t\t\t<\/div><\/figure><figure class='gallery-item'>\n\t\t\t<div class='gallery-icon landscape'>\n\t\t\t\t<a href='https:\/\/www.plantesetsavoirs.org\/?attachment_id=157'><img loading=\"lazy\" decoding=\"async\" width=\"150\" height=\"150\" src=\"https:\/\/www.plantesetsavoirs.org\/wp-content\/uploads\/2015\/03\/expo-8-chengal-150x150.jpg\" class=\"attachment-thumbnail size-thumbnail\" alt=\"\" \/><\/a>\n\t\t\t<\/div><\/figure><figure class='gallery-item'>\n\t\t\t<div class='gallery-icon landscape'>\n\t\t\t\t<a href='https:\/\/www.plantesetsavoirs.org\/?attachment_id=163'><img loading=\"lazy\" decoding=\"async\" width=\"150\" height=\"150\" src=\"https:\/\/www.plantesetsavoirs.org\/wp-content\/uploads\/2015\/03\/expo-14-150x150.jpg\" class=\"attachment-thumbnail size-thumbnail\" alt=\"\" \/><\/a>\n\t\t\t<\/div><\/figure><figure class='gallery-item'>\n\t\t\t<div class='gallery-icon landscape'>\n\t\t\t\t<a href='https:\/\/www.plantesetsavoirs.org\/?attachment_id=162'><img loading=\"lazy\" decoding=\"async\" width=\"150\" height=\"150\" src=\"https:\/\/www.plantesetsavoirs.org\/wp-content\/uploads\/2015\/03\/expo-13-150x150.jpg\" class=\"attachment-thumbnail size-thumbnail\" alt=\"\" \/><\/a>\n\t\t\t<\/div><\/figure><figure class='gallery-item'>\n\t\t\t<div class='gallery-icon portrait'>\n\t\t\t\t<a href='https:\/\/www.plantesetsavoirs.org\/?attachment_id=161'><img loading=\"lazy\" decoding=\"async\" width=\"150\" height=\"150\" src=\"https:\/\/www.plantesetsavoirs.org\/wp-content\/uploads\/2015\/03\/expo-12-150x150.jpg\" class=\"attachment-thumbnail size-thumbnail\" alt=\"\" \/><\/a>\n\t\t\t<\/div><\/figure><figure class='gallery-item'>\n\t\t\t<div class='gallery-icon landscape'>\n\t\t\t\t<a href='https:\/\/www.plantesetsavoirs.org\/?attachment_id=160'><img loading=\"lazy\" decoding=\"async\" width=\"150\" height=\"150\" src=\"https:\/\/www.plantesetsavoirs.org\/wp-content\/uploads\/2015\/03\/expo-11-150x150.jpg\" class=\"attachment-thumbnail size-thumbnail\" alt=\"\" \/><\/a>\n\t\t\t<\/div><\/figure><figure class='gallery-item'>\n\t\t\t<div class='gallery-icon landscape'>\n\t\t\t\t<a href='https:\/\/www.plantesetsavoirs.org\/?attachment_id=159'><img loading=\"lazy\" decoding=\"async\" width=\"150\" height=\"150\" src=\"https:\/\/www.plantesetsavoirs.org\/wp-content\/uploads\/2015\/03\/expo-10-150x150.jpg\" class=\"attachment-thumbnail size-thumbnail\" alt=\"\" \/><\/a>\n\t\t\t<\/div><\/figure><figure class='gallery-item'>\n\t\t\t<div class='gallery-icon landscape'>\n\t\t\t\t<a href='https:\/\/www.plantesetsavoirs.org\/?attachment_id=151'><img loading=\"lazy\" decoding=\"async\" width=\"150\" height=\"150\" src=\"https:\/\/www.plantesetsavoirs.org\/wp-content\/uploads\/2015\/03\/expo-2-150x150.jpg\" class=\"attachment-thumbnail size-thumbnail\" alt=\"\" \/><\/a>\n\t\t\t<\/div><\/figure><figure class='gallery-item'>\n\t\t\t<div class='gallery-icon landscape'>\n\t\t\t\t<a href='https:\/\/www.plantesetsavoirs.org\/?attachment_id=150'><img loading=\"lazy\" decoding=\"async\" width=\"150\" height=\"150\" src=\"https:\/\/www.plantesetsavoirs.org\/wp-content\/uploads\/2015\/03\/expo-1-150x150.jpg\" class=\"attachment-thumbnail size-thumbnail\" alt=\"\" \/><\/a>\n\t\t\t<\/div><\/figure><figure class='gallery-item'>\n\t\t\t<div class='gallery-icon portrait'>\n\t\t\t\t<a href='https:\/\/www.plantesetsavoirs.org\/?attachment_id=164'><img loading=\"lazy\" decoding=\"async\" width=\"150\" height=\"150\" src=\"https:\/\/www.plantesetsavoirs.org\/wp-content\/uploads\/2015\/03\/expo-15-150x150.jpg\" class=\"attachment-thumbnail size-thumbnail\" alt=\"\" \/><\/a>\n\t\t\t<\/div><\/figure><figure class='gallery-item'>\n\t\t\t<div class='gallery-icon landscape'>\n\t\t\t\t<a href='https:\/\/www.plantesetsavoirs.org\/?attachment_id=155'><img loading=\"lazy\" decoding=\"async\" width=\"150\" height=\"150\" src=\"https:\/\/www.plantesetsavoirs.org\/wp-content\/uploads\/2015\/03\/expo-6-150x150.jpg\" class=\"attachment-thumbnail size-thumbnail\" alt=\"\" \/><\/a>\n\t\t\t<\/div><\/figure>\n\t\t<\/div>\n\n<p>Sanjitpaal Singh lors de l&rsquo;exposition <strong>\u00ab\u00a0Histoires de la For\u00eat Malaisienne\u00a0\u00bb<\/strong><\/p>\n<p><a href=\"http:\/\/www.plantesetsavoirs.org\/wp-content\/uploads\/2017\/01\/P4150522.jpg\"><img loading=\"lazy\" decoding=\"async\" class=\" size-medium wp-image-377 aligncenter\" src=\"http:\/\/www.plantesetsavoirs.org\/wp-content\/uploads\/2017\/01\/P41505291-300x225.jpg\" alt=\"P4150529\" width=\"300\" height=\"225\" srcset=\"https:\/\/www.plantesetsavoirs.org\/wp-content\/uploads\/2017\/01\/P41505291-300x225.jpg 300w, https:\/\/www.plantesetsavoirs.org\/wp-content\/uploads\/2017\/01\/P41505291-1024x768.jpg 1024w\" sizes=\"auto, (max-width: 300px) 100vw, 300px\" \/><img loading=\"lazy\" decoding=\"async\" class=\" size-medium wp-image-375 aligncenter\" src=\"http:\/\/www.plantesetsavoirs.org\/wp-content\/uploads\/2017\/01\/P4150522-300x225.jpg\" alt=\"P4150522\" width=\"300\" height=\"225\" srcset=\"https:\/\/www.plantesetsavoirs.org\/wp-content\/uploads\/2017\/01\/P4150522-300x225.jpg 300w, https:\/\/www.plantesetsavoirs.org\/wp-content\/uploads\/2017\/01\/P4150522-1024x768.jpg 1024w\" sizes=\"auto, (max-width: 300px) 100vw, 300px\" \/><\/a><\/p>\n","protected":false},"excerpt":{"rendered":"<p>Les photos suivantes de Sanjitpaal Singh sont en vente au prix exceptionnel de 100 euros par photo. Ces ventes contribuent au financement des actions de l&rsquo;association. Sanjitpaal Singh est laur\u00e9at de divers prix internationaux pour ses photos de la for\u00eat malaisienne. Les photos de la s\u00e9rie \u00ab\u00a0Histoires de la for\u00eat malaisienne\u00a0\u00bb sont tir\u00e9es en grand &hellip; <a href=\"https:\/\/www.plantesetsavoirs.org\/?page_id=145\" class=\"more-link\">Continue reading <span class=\"screen-reader-text\">Expo-vente de photos<\/span><\/a><\/p>\n","protected":false},"author":1,"featured_media":0,"parent":0,"menu_order":0,"comment_status":"closed","ping_status":"open","template":"","meta":{"footnotes":""},"class_list":["post-145","page","type-page","status-publish","hentry"],"_links":{"self":[{"href":"https:\/\/www.plantesetsavoirs.org\/index.php?rest_route=\/wp\/v2\/pages\/145","targetHints":{"allow":["GET"]}}],"collection":[{"href":"https:\/\/www.plantesetsavoirs.org\/index.php?rest_route=\/wp\/v2\/pages"}],"about":[{"href":"https:\/\/www.plantesetsavoirs.org\/index.php?rest_route=\/wp\/v2\/types\/page"}],"author":[{"embeddable":true,"href":"https:\/\/www.plantesetsavoirs.org\/index.php?rest_route=\/wp\/v2\/users\/1"}],"replies":[{"embeddable":true,"href":"https:\/\/www.plantesetsavoirs.org\/index.php?rest_route=%2Fwp%2Fv2%2Fcomments&post=145"}],"version-history":[{"count":27,"href":"https:\/\/www.plantesetsavoirs.org\/index.php?rest_route=\/wp\/v2\/pages\/145\/revisions"}],"predecessor-version":[{"id":616,"href":"https:\/\/www.plantesetsavoirs.org\/index.php?rest_route=\/wp\/v2\/pages\/145\/revisions\/616"}],"wp:attachment":[{"href":"https:\/\/www.plantesetsavoirs.org\/index.php?rest_route=%2Fwp%2Fv2%2Fmedia&parent=145"}],"curies":[{"name":"wp","href":"https:\/\/api.w.org\/{rel}","templated":true}]}}